{"id":104,"date":"2022-05-16T20:50:01","date_gmt":"2022-05-16T18:50:01","guid":{"rendered":"https:\/\/www.drsabinehattori.at\/home\/?page_id=104"},"modified":"2022-09-16T16:29:35","modified_gmt":"2022-09-16T14:29:35","slug":"impressum","status":"publish","type":"page","link":"https:\/\/www.drsabinehattori.at\/home\/impressum\/","title":{"rendered":"Impressum \/ Datenschutz"},"content":{"rendered":"\n<p class=\"has-medium-font-size\"><br><br><strong>Impressum \/ Datenschutz<\/strong><br><br>Information gem\u00e4\u00df \u00a7\u20095 E-Commerce-Gesetz und Offenlegung<br>gem\u00e4\u00df \u00a7 25 Mediengesetz \/ Diensteanbieter und Medieninhaber:<\/p>\n\n\n\n<p class=\"has-primary-color has-text-color\">Dr. med. Sabine Hattori<br>Kosselgasse 29<br>1190 Wien<br>\u00d6sterreich<br><br>+43 664 7517 3330<br><a rel=\"noreferrer noopener\" href=\"mailto:ordination@drsabinehattori.at\" target=\"_blank\">ordination@drsabinehattori.at<\/a>    <br><a href=\"http:\/\/www.drsabinehattori.at\">www.drsabinehattori.at<\/a><br><br><br>Zust\u00e4ndige Kammer:&nbsp;\u00d6sterreichische \u00c4rztekammer Wien, Weihburggasse 10-12, 1010 Wien, www.aekwien.at&nbsp;<br><br>Gesetzliche Berufsbezeichnung:&nbsp;\u00c4rztin&nbsp;f\u00fcr&nbsp;Allgemeinmedizin, MBA<br><br>T\u00e4tigkeit unterliegt dem \u00c4rztegesetz 1998<\/p>\n\n\n\n<p>F\u00fcr Inhalt \/ Umsetzung verantwortlich: Dr. med. Sabine Hattori<\/p>\n\n\n\n<p>Bilder: Anna St\u00f6cher,&nbsp;<a href=\"http:\/\/www.schauen.at\/\">www.schauen.at<\/a><\/p>\n\n\n\n<p>Webdesign:&nbsp;psm-schmid e.U.<\/p>\n\n\n\n<p>Logo Pohltherapie\u00ae mit freundlicher Genehmigung: Verband f\u00fcr Sensomotorische K\u00f6rpertherapie nach Dr. Pohl<sup>\u00ae<\/sup>&nbsp;e.V.<\/p>\n\n\n\n<p><br><br><\/p>\n\n\n\n<p class=\"has-medium-font-size\">DISCLAIMER<br><\/p>\n\n\n\n<p>HAFTUNG F\u00dcR INHALTE&nbsp;<br>Die Inhalte der Website dienen ausschlie\u00dflich der Information.<br>Der Autor \u00fcbernimmt keinerlei Gew\u00e4hr f\u00fcr die Aktualit\u00e4t, Richtigkeit und Vollst\u00e4ndigkeit der bereitgestellten Informationen auf der Website. Haftungsanspr\u00fcche gegen den Autor, welche sich auf Sch\u00e4den materieller oder ideeller Art beziehen, die durch die Nutzung oder Nichtnutzung der dargebotenen Informationen bzw. durch die Nutzung fehlerhafter und unvollst\u00e4ndiger Informationen verursacht wurden, sind grunds\u00e4tzlich ausgeschlossen, sofern seitens des Autors kein nachweislich vors\u00e4tzliches oder grob fahrl\u00e4ssiges Verschulden vorliegt.<br>Alle Angebote sind freibleibend und unverbindlich. Der Autor beh\u00e4lt es sich ausdr\u00fccklich vor, Teile der Seiten oder das gesamte Angebot ohne gesonderte Ank\u00fcndigung zu ver\u00e4ndern, zu erg\u00e4nzen, zu l\u00f6schen oder die Ver\u00f6ffentlichung zeitweise oder endg\u00fcltig einzustellen.&nbsp;<\/p>\n\n\n\n<p><\/p>\n\n\n\n<p>HAFTUNG F\u00dcR LINKS<\/p>\n\n\n\n<p>Unser Angebot enth\u00e4lt Links zu externen Websites Dritter, auf deren Inhalte wir keinen Einfluss haben. Deshalb k\u00f6nnen wir f\u00fcr diese fremden Inhalte auch keine Gew\u00e4hr \u00fcbernehmen. F\u00fcr die Inhalte der verlinkten Seiten ist stets der jeweilige Anbieter oder Betreiber der Seiten verantwortlich. Die verlinkten Seiten wurden zum Zeitpunkt der Verlinkung auf m\u00f6gliche Rechtsverst\u00f6\u00dfe \u00fcberpr\u00fcft. Rechtswidrige Inhalte waren zum Zeitpunkt der Verlinkung nicht erkennbar.<\/p>\n\n\n\n<p>Eine permanente inhaltliche Kontrolle der verlinkten Seiten ist jedoch ohne konkrete Anhaltspunkte einer Rechtsverletzung nicht zumutbar. Bei Bekanntwerden von Rechtsverletzungen werden wir derartige Links umgehend entfernen.<\/p>\n\n\n\n<p>URHEBERRECHT<\/p>\n\n\n\n<p>Die durch die Seitenbetreiber erstellten Inhalte und Werke auf diesen Seiten unterliegen dem \u00f6sterreichischen Urheberrecht. Die Vervielf\u00e4ltigung, Bearbeitung, Verbreitung und jede Art der Verwertung au\u00dferhalb der Grenzen des Urheberrechtes bed\u00fcrfen der schriftlichen Zustimmung des jeweiligen Autors bzw. Erstellers. Downloads und Kopien dieser Seite sind nur f\u00fcr den privaten, nicht kommerziellen Gebrauch gestattet.<\/p>\n\n\n\n<p>Soweit die Inhalte auf dieser Seite nicht vom Betreiber erstellt wurden, werden die Urheberrechte Dritter beachtet. Insbesondere werden Inhalte Dritter als solche gekennzeichnet. Sollten Sie trotzdem auf eine Urheberrechtsverletzung aufmerksam werden, bitten wir um einen entsprechenden Hinweis. Bei Bekanntwerden von Rechtsverletzungen werden wir derartige Inhalte umgehend entfernen.&nbsp;<\/p>\n","protected":false},"excerpt":{"rendered":"<p>Impressum \/ Datenschutz Information gem\u00e4\u00df \u00a7\u20095 E-Commerce-Gesetz und Offenlegunggem\u00e4\u00df \u00a7 25 Mediengesetz \/ Diensteanbieter und Medieninhaber: Dr. med. Sabine HattoriKosselgasse 291190 Wien\u00d6sterreich +43 664 7517 3330ordination@drsabinehattori.at www.drsabinehattori.at Zust\u00e4ndige Kammer:&nbsp;\u00d6sterreichische \u00c4rztekammer Wien, Weihburggasse 10-12, 1010 Wien, www.aekwien.at&nbsp; Gesetzliche Berufsbezeichnung:&nbsp;\u00c4rztin&nbsp;f\u00fcr&nbsp;Allgemeinmedizin, MBA T\u00e4tigkeit unterliegt dem \u00c4rztegesetz 1998 F\u00fcr Inhalt \/ Umsetzung verantwortlich: Dr. med. Sabine Hattori Bilder: Anna&hellip;&nbsp;<a href=\"https:\/\/www.drsabinehattori.at\/home\/impressum\/\" rel=\"bookmark\">Weiterlesen &raquo;<span class=\"screen-reader-text\">Impressum \/ Datenschutz<\/span><\/a><\/p>\n","protected":false},"author":1,"featured_media":0,"parent":0,"menu_order":0,"comment_status":"closed","ping_status":"closed","template":"","meta":{"neve_meta_sidebar":"","neve_meta_container":"","neve_meta_enable_content_width":"","neve_meta_content_width":0,"neve_meta_title_alignment":"","neve_meta_author_avatar":"","neve_post_elements_order":"","neve_meta_disable_header":"","neve_meta_disable_footer":"","neve_meta_disable_title":"","footnotes":""},"class_list":["post-104","page","type-page","status-publish","hentry"],"_links":{"self":[{"href":"https:\/\/www.drsabinehattori.at\/home\/wp-json\/wp\/v2\/pages\/104","targetHints":{"allow":["GET"]}}],"collection":[{"href":"https:\/\/www.drsabinehattori.at\/home\/wp-json\/wp\/v2\/pages"}],"about":[{"href":"https:\/\/www.drsabinehattori.at\/home\/wp-json\/wp\/v2\/types\/page"}],"author":[{"embeddable":true,"href":"https:\/\/www.drsabinehattori.at\/home\/wp-json\/wp\/v2\/users\/1"}],"replies":[{"embeddable":true,"href":"https:\/\/www.drsabinehattori.at\/home\/wp-json\/wp\/v2\/comments?post=104"}],"version-history":[{"count":19,"href":"https:\/\/www.drsabinehattori.at\/home\/wp-json\/wp\/v2\/pages\/104\/revisions"}],"predecessor-version":[{"id":613,"href":"https:\/\/www.drsabinehattori.at\/home\/wp-json\/wp\/v2\/pages\/104\/revisions\/613"}],"wp:attachment":[{"href":"https:\/\/www.drsabinehattori.at\/home\/wp-json\/wp\/v2\/media?parent=104"}],"curies":[{"name":"wp","href":"https:\/\/api.w.org\/{rel}","templated":true}]}}